{"id":130,"date":"2023-05-22T06:29:19","date_gmt":"2023-05-22T06:29:19","guid":{"rendered":"https:\/\/helloly.blog\/\/blog\/?page_id=130"},"modified":"2023-07-22T13:09:12","modified_gmt":"2023-07-22T13:09:12","slug":"impressum","status":"publish","type":"page","link":"https:\/\/www.helloly.com\/blog\/impressum\/","title":{"rendered":"Impressum"},"content":{"rendered":"\t\t<div data-elementor-type=\"wp-page\" data-elementor-id=\"130\" class=\"elementor elementor-130\" data-elementor-post-type=\"page\">\n\t\t\t\t\t\t<section class=\"elementor-section elementor-top-section elementor-element elementor-element-78ace070 elementor-section-boxed elementor-section-height-default elementor-section-height-default\" data-id=\"78ace070\" data-element_type=\"section\" data-e-type=\"section\">\n\t\t\t\t\t\t<div class=\"elementor-container elementor-column-gap-default\">\n\t\t\t\t\t<div class=\"elementor-column elementor-col-100 elementor-top-column elementor-element elementor-element-56ea988\" data-id=\"56ea988\" data-element_type=\"column\" data-e-type=\"column\">\n\t\t\t<div class=\"elementor-widget-wrap elementor-element-populated\">\n\t\t\t\t\t\t<div class=\"elementor-element elementor-element-612565e elementor-widget elementor-widget-text-editor\" data-id=\"612565e\" data-element_type=\"widget\" data-e-type=\"widget\" data-widget_type=\"text-editor.default\">\n\t\t\t\t<div class=\"elementor-widget-container\">\n\t\t\t\t\t\t\t\t\t<p><strong>helloly\u00ae<\/strong> ist Ihr Website, Domain und Hosting Provider aus \u00d6sterreich.<br \/><span style=\"color: var( --e-global-color-text ); font-family: var( --e-global-typography-text-font-family ), Sans-serif; font-size: var( --e-global-typography-text-font-size ); letter-spacing: 0px;\">Wir<\/span><strong style=\"color: var( --e-global-color-text ); font-family: var( --e-global-typography-text-font-family ), Sans-serif; font-size: var( --e-global-typography-text-font-size ); letter-spacing: 0px;\"> leben und lieben Transparenz<\/strong><span style=\"color: var( --e-global-color-text ); font-family: var( --e-global-typography-text-font-family ), Sans-serif; font-size: var( --e-global-typography-text-font-size ); letter-spacing: 0px;\">, das gilt f\u00fcr unsere Produkte und auch die rechtlichen Themen.<\/span><\/p>\t\t\t\t\t\t\t\t<\/div>\n\t\t\t\t<\/div>\n\t\t\t\t<div class=\"elementor-element elementor-element-830edcf elementor-widget-divider--view-line elementor-widget elementor-widget-divider\" data-id=\"830edcf\" data-element_type=\"widget\" data-e-type=\"widget\" data-widget_type=\"divider.default\">\n\t\t\t\t<div class=\"elementor-widget-container\">\n\t\t\t\t\t\t\t<div class=\"elementor-divider\">\n\t\t\t<span class=\"elementor-divider-separator\">\n\t\t\t\t\t\t<\/span>\n\t\t<\/div>\n\t\t\t\t\t\t<\/div>\n\t\t\t\t<\/div>\n\t\t\t\t<div class=\"elementor-element elementor-element-370e387 elementor-widget elementor-widget-text-editor\" data-id=\"370e387\" data-element_type=\"widget\" data-e-type=\"widget\" data-widget_type=\"text-editor.default\">\n\t\t\t\t<div class=\"elementor-widget-container\">\n\t\t\t\t\t\t\t\t\t<h4>Medieninhaber<\/h4><p><strong>helloly GmbH<\/strong> <br \/>Rainerstrasse 25 <br \/>4020 Linz <br \/>\u00d6sterreich<\/p><h4>Kontakt<\/h4><p>Tel: <a href=\"callto:\/\/+43732350023\">+43 732 350023<\/a><br \/>E-Mail: <a href=\"mailto:office@helloly.com\">office@helloly.com<\/a><\/p><h4>Unternehmensdaten<\/h4><p>UID Nummer: ATU78224119<br \/>Firmmenbuchnummer: FN 582100 f<br \/>Beh\u00f6rde gem. ECG: Bezirkshauptmannschaft Linz (Stadt) <br \/>Mitglied der WKO, FG Unternehmensberatung, Buchhaltung und Informationstechnologie<br \/>Unternehmensgegenstand: Hosting, Server und Domain Dienstleistungen<br \/>Gerichtsstand: Linz<\/p><h4><strong>Gesch\u00e4ftsf\u00fchrer<\/strong><\/h4><p>Johannes K\u00fchrer<br \/>Mag. Michael Neumann<br \/>Rainerstrasse 25, 4020 Linz, \u00d6sterreich<\/p><h4>Bankverbindung<\/h4><p>helloly GmbH <br \/>IBAN: AT10 3400 0000 0713 8803<br \/>BIC: RZOOAT2L<br \/>Raiffeisen Landesbank Ober\u00f6sterreich<\/p><h4>Sonstiges<\/h4><p>Unsere Allgemeinen Gesch\u00e4ftsbedingungen finden Sie <a href=\"https:\/\/www.helloly.com\/hellolyagb.php\">hier<\/a>. <br \/>Freiwillige Verhaltensrichtlinien: <a href=\"https:\/\/www.guetezeichen.at\/unternehmen\/kriterien\/\" target=\"_blank\" rel=\"noopener\">www.guetezeichen.at<\/a><br \/>Gewerberechtliche Vorschriften: <a href=\"https:\/\/www.ris.bka.gv.at\/\" target=\"_blank\" rel=\"noopener\">www.ris.bka.gv.at<\/a><\/p>\t\t\t\t\t\t\t\t<\/div>\n\t\t\t\t<\/div>\n\t\t\t\t\t<\/div>\n\t\t<\/div>\n\t\t\t\t\t<\/div>\n\t\t<\/section>\n\t\t\t\t<\/div>\n\t\t","protected":false},"excerpt":{"rendered":"<p>helloly\u00ae ist Ihr Website, Domain und Hosting Provider aus \u00d6sterreich.Wir leben und lieben Transparenz, das gilt f\u00fcr unsere Produkte und auch die rechtlichen Themen. Medieninhaber helloly GmbH Rainerstrasse 25 4020 Linz \u00d6sterreich Kontakt Tel: +43 732 350023E-Mail: office@helloly.com Unternehmensdaten UID Nummer: ATU78224119Firmmenbuchnummer: FN 582100 fBeh\u00f6rde gem. ECG: Bezirkshauptmannschaft Linz (Stadt) Mitglied der WKO, FG Unternehmensberatung, [&hellip;]<\/p>\n","protected":false},"author":1,"featured_media":0,"parent":0,"menu_order":0,"comment_status":"closed","ping_status":"closed","template":"elementor_theme","meta":{"yasr_overall_rating":0,"yasr_post_is_review":"","yasr_auto_insert_disabled":"","yasr_review_type":"","footnotes":""},"class_list":["post-130","page","type-page","status-publish","hentry"],"yoast_head":"<!-- This site is optimized with the Yoast SEO Premium plugin v27.4 (Yoast SEO v27.4) - https:\/\/yoast.com\/product\/yoast-seo-premium-wordpress\/ -->\n<title>Impressum - helloly blog<\/title>\n<meta name=\"robots\" content=\"index, follow, max-snippet:-1, max-image-preview:large, max-video-preview:-1\" \/>\n<link rel=\"canonical\" href=\"https:\/\/www.helloly.com\/blog\/impressum\/\" \/>\n<meta property=\"og:locale\" content=\"de_DE\" \/>\n<meta property=\"og:type\" content=\"article\" \/>\n<meta property=\"og:title\" content=\"Impressum\" \/>\n<meta property=\"og:description\" content=\"helloly\u00ae ist Ihr Website, Domain und Hosting Provider aus \u00d6sterreich.Wir leben und lieben Transparenz, das gilt f\u00fcr unsere Produkte und auch die rechtlichen Themen. Medieninhaber helloly GmbH Rainerstrasse 25 4020 Linz \u00d6sterreich Kontakt Tel: +43 732 350023E-Mail: office@helloly.com Unternehmensdaten UID Nummer: ATU78224119Firmmenbuchnummer: FN 582100 fBeh\u00f6rde gem. ECG: Bezirkshauptmannschaft Linz (Stadt) Mitglied der WKO, FG Unternehmensberatung, [&hellip;]\" \/>\n<meta property=\"og:url\" content=\"https:\/\/www.helloly.com\/blog\/impressum\/\" \/>\n<meta property=\"og:site_name\" content=\"helloly blog\" \/>\n<meta property=\"article:modified_time\" content=\"2023-07-22T13:09:12+00:00\" \/>\n<meta name=\"twitter:card\" content=\"summary_large_image\" \/>\n<script type=\"application\/ld+json\" class=\"yoast-schema-graph\">{\"@context\":\"https:\\\/\\\/schema.org\",\"@graph\":[{\"@type\":\"WebPage\",\"@id\":\"https:\\\/\\\/www.helloly.com\\\/blog\\\/impressum\\\/\",\"url\":\"https:\\\/\\\/www.helloly.com\\\/blog\\\/impressum\\\/\",\"name\":\"Impressum - helloly blog\",\"isPartOf\":{\"@id\":\"https:\\\/\\\/www.helloly.com\\\/blog\\\/#website\"},\"datePublished\":\"2023-05-22T06:29:19+00:00\",\"dateModified\":\"2023-07-22T13:09:12+00:00\",\"breadcrumb\":{\"@id\":\"https:\\\/\\\/www.helloly.com\\\/blog\\\/impressum\\\/#breadcrumb\"},\"inLanguage\":\"de\",\"potentialAction\":[{\"@type\":\"ReadAction\",\"target\":[\"https:\\\/\\\/www.helloly.com\\\/blog\\\/impressum\\\/\"]}]},{\"@type\":\"BreadcrumbList\",\"@id\":\"https:\\\/\\\/www.helloly.com\\\/blog\\\/impressum\\\/#breadcrumb\",\"itemListElement\":[{\"@type\":\"ListItem\",\"position\":1,\"name\":\"Startseite\",\"item\":\"https:\\\/\\\/www.helloly.com\\\/blog\\\/\"},{\"@type\":\"ListItem\",\"position\":2,\"name\":\"Impressum\"}]},{\"@type\":\"WebSite\",\"@id\":\"https:\\\/\\\/www.helloly.com\\\/blog\\\/#website\",\"url\":\"https:\\\/\\\/www.helloly.com\\\/blog\\\/\",\"name\":\"helloly blog\",\"description\":\"Der helloly Blog\",\"publisher\":{\"@id\":\"https:\\\/\\\/www.helloly.com\\\/blog\\\/#organization\"},\"potentialAction\":[{\"@type\":\"SearchAction\",\"target\":{\"@type\":\"EntryPoint\",\"urlTemplate\":\"https:\\\/\\\/www.helloly.com\\\/blog\\\/?s={search_term_string}\"},\"query-input\":{\"@type\":\"PropertyValueSpecification\",\"valueRequired\":true,\"valueName\":\"search_term_string\"}}],\"inLanguage\":\"de\"},{\"@type\":\"Organization\",\"@id\":\"https:\\\/\\\/www.helloly.com\\\/blog\\\/#organization\",\"name\":\"helloly blog\",\"url\":\"https:\\\/\\\/www.helloly.com\\\/blog\\\/\",\"logo\":{\"@type\":\"ImageObject\",\"inLanguage\":\"de\",\"@id\":\"https:\\\/\\\/www.helloly.com\\\/blog\\\/#\\\/schema\\\/logo\\\/image\\\/\",\"url\":\"https:\\\/\\\/www.helloly.com\\\/blog\\\/wp-content\\\/uploads\\\/2024\\\/09\\\/helloly_logo_blog.png\",\"contentUrl\":\"https:\\\/\\\/www.helloly.com\\\/blog\\\/wp-content\\\/uploads\\\/2024\\\/09\\\/helloly_logo_blog.png\",\"width\":500,\"height\":193,\"caption\":\"helloly blog\"},\"image\":{\"@id\":\"https:\\\/\\\/www.helloly.com\\\/blog\\\/#\\\/schema\\\/logo\\\/image\\\/\"}},false]}<\/script>\n<!-- \/ Yoast SEO Premium plugin. -->","yoast_head_json":{"title":"Impressum - helloly blog","robots":{"index":"index","follow":"follow","max-snippet":"max-snippet:-1","max-image-preview":"max-image-preview:large","max-video-preview":"max-video-preview:-1"},"canonical":"https:\/\/www.helloly.com\/blog\/impressum\/","og_locale":"de_DE","og_type":"article","og_title":"Impressum","og_description":"helloly\u00ae ist Ihr Website, Domain und Hosting Provider aus \u00d6sterreich.Wir leben und lieben Transparenz, das gilt f\u00fcr unsere Produkte und auch die rechtlichen Themen. Medieninhaber helloly GmbH Rainerstrasse 25 4020 Linz \u00d6sterreich Kontakt Tel: +43 732 350023E-Mail: office@helloly.com Unternehmensdaten UID Nummer: ATU78224119Firmmenbuchnummer: FN 582100 fBeh\u00f6rde gem. ECG: Bezirkshauptmannschaft Linz (Stadt) Mitglied der WKO, FG Unternehmensberatung, [&hellip;]","og_url":"https:\/\/www.helloly.com\/blog\/impressum\/","og_site_name":"helloly blog","article_modified_time":"2023-07-22T13:09:12+00:00","twitter_card":"summary_large_image","schema":{"@context":"https:\/\/schema.org","@graph":[{"@type":"WebPage","@id":"https:\/\/www.helloly.com\/blog\/impressum\/","url":"https:\/\/www.helloly.com\/blog\/impressum\/","name":"Impressum - helloly blog","isPartOf":{"@id":"https:\/\/www.helloly.com\/blog\/#website"},"datePublished":"2023-05-22T06:29:19+00:00","dateModified":"2023-07-22T13:09:12+00:00","breadcrumb":{"@id":"https:\/\/www.helloly.com\/blog\/impressum\/#breadcrumb"},"inLanguage":"de","potentialAction":[{"@type":"ReadAction","target":["https:\/\/www.helloly.com\/blog\/impressum\/"]}]},{"@type":"BreadcrumbList","@id":"https:\/\/www.helloly.com\/blog\/impressum\/#breadcrumb","itemListElement":[{"@type":"ListItem","position":1,"name":"Startseite","item":"https:\/\/www.helloly.com\/blog\/"},{"@type":"ListItem","position":2,"name":"Impressum"}]},{"@type":"WebSite","@id":"https:\/\/www.helloly.com\/blog\/#website","url":"https:\/\/www.helloly.com\/blog\/","name":"helloly blog","description":"Der helloly Blog","publisher":{"@id":"https:\/\/www.helloly.com\/blog\/#organization"},"potentialAction":[{"@type":"SearchAction","target":{"@type":"EntryPoint","urlTemplate":"https:\/\/www.helloly.com\/blog\/?s={search_term_string}"},"query-input":{"@type":"PropertyValueSpecification","valueRequired":true,"valueName":"search_term_string"}}],"inLanguage":"de"},{"@type":"Organization","@id":"https:\/\/www.helloly.com\/blog\/#organization","name":"helloly blog","url":"https:\/\/www.helloly.com\/blog\/","logo":{"@type":"ImageObject","inLanguage":"de","@id":"https:\/\/www.helloly.com\/blog\/#\/schema\/logo\/image\/","url":"https:\/\/www.helloly.com\/blog\/wp-content\/uploads\/2024\/09\/helloly_logo_blog.png","contentUrl":"https:\/\/www.helloly.com\/blog\/wp-content\/uploads\/2024\/09\/helloly_logo_blog.png","width":500,"height":193,"caption":"helloly blog"},"image":{"@id":"https:\/\/www.helloly.com\/blog\/#\/schema\/logo\/image\/"}},false]}},"yasr_visitor_votes":{"stars_attributes":{"read_only":false,"span_bottom":false},"number_of_votes":0,"sum_votes":0},"_links":{"self":[{"href":"https:\/\/www.helloly.com\/blog\/wp-json\/wp\/v2\/pages\/130","targetHints":{"allow":["GET"]}}],"collection":[{"href":"https:\/\/www.helloly.com\/blog\/wp-json\/wp\/v2\/pages"}],"about":[{"href":"https:\/\/www.helloly.com\/blog\/wp-json\/wp\/v2\/types\/page"}],"author":[{"embeddable":true,"href":"https:\/\/www.helloly.com\/blog\/wp-json\/wp\/v2\/users\/1"}],"replies":[{"embeddable":true,"href":"https:\/\/www.helloly.com\/blog\/wp-json\/wp\/v2\/comments?post=130"}],"version-history":[{"count":0,"href":"https:\/\/www.helloly.com\/blog\/wp-json\/wp\/v2\/pages\/130\/revisions"}],"wp:attachment":[{"href":"https:\/\/www.helloly.com\/blog\/wp-json\/wp\/v2\/media?parent=130"}],"curies":[{"name":"wp","href":"https:\/\/api.w.org\/{rel}","templated":true}]}}